{"id":111,"date":"2023-04-19T15:35:03","date_gmt":"2023-04-19T15:35:03","guid":{"rendered":"https:\/\/fiziyo.hr\/?page_id=111"},"modified":"2023-04-19T16:12:10","modified_gmt":"2023-04-19T16:12:10","slug":"o-meni","status":"publish","type":"page","link":"https:\/\/fiziyo.hr\/?page_id=111","title":{"rendered":"O meni"},"content":{"rendered":"\n<p class=\"has-text-align-center\">Vjerujem da je \u010dovjek daleko vi\u0161e od samog tijela u kojem \u017eivimo, ali- dokle god \u017eivimo na ovom svijetu, osu\u0111eni smo na podstanarstvo u tom tijelu.<\/p>\n\n\n\n<p class=\"has-text-align-center\">Na ljudsko tijelo mo\u017eemo gledati kao na savr\u0161enstvo stvaranja ili (ako pogledamo drugu stranu medalje) tvorevinu ograni\u010denih mogu\u0107nosti i s ograni\u010denim &#8220;rokom valjanosti&#8221;, \u0161to nas dovodi u polo\u017eaj da imamo prili\u010dnu odgovornost prema njemu. Ono \u0161to je meni super je da- koliko god to nekima \u010dudno zvu\u010dalo- ljudskom tijelu dana je sposobnost samoozdravljenja.<\/p>\n\n\n\n<p class=\"has-text-align-center\">Uzmimo najjednostavniji primjer- pore\u017eemo se ili ogrebemo na ne\u0161to. Ako taj rez nije prevelik ili dubok, dakle- naj\u010de\u0161\u0107e- tijelo takvu ozljedu sanira samo&#8230; Nismo morali ni \u0161ivati, ni lijepiti ko\u017eu&#8230; Nismo morali ni zapo\u010deti ni zaustaviti krvarenje&#8230; Nismo stvarali krastu&#8230; Nismo stvarali mladu ko\u017eu ispod te kraste&#8230; Sve je to tijelo odradilo samo. Mi nismo na to morali ni misliti. Dok je proces zacjeljivanja trajao tijelo nam je pomo\u0107u svog alarmnog sustava- boli, davalo do znanja kako jo\u0161 nije spremno za povratak u potpunu funkcionalnost tog dijela tijela. Kako je tijelo zavr\u0161avalo taj proces, bol je slabila, funkcionalnost se sve vi\u0161e vra\u0107ala&#8230; Na kraju nas je po\u010delo svrbuckati- tijelo nam je reklo kako je zavr\u0161ilo proces regeneracije i kako je vrijeme da tu krastu skinemo. Ispod te kraste na\u0161li smo mladu zdravu ko\u017eu oko koje se nismo ni najmanje trudili. Sve je tijelo odradilo samo. Do nas je bilo samo da oslu\u0161kujemo \u0161to nam na\u0161e tijelo govori.<\/p>\n\n\n\n<p class=\"has-text-align-center\">Tako nekako stvari stoje sa svim procesima samoozdravljenja u tjelu za koja saznamo da se zbivaju tako \u0161to nam tijelo dojavi onim svojim uobi\u010dajenim jezikom- ne\u0161to nas po\u010dne boljeti. Najgore \u0161to tada mo\u017eemo u\u010diniti sebi je- ignorirati tu bol i pona\u0161ati se kao da se ni\u0161ta ne zbiva. Na taj na\u010din \u0107emo u najmanju ruku ote\u017eati tijelu i produljiti taj proces oporavka. S druge strane- potpuni prekid aktivnosti i pretjerano mirovanje dovodi do istog rezultata- nemogu\u0107nosti tijela da se oporavi. Prestanite koristiti najzdraviji dio tijela (makar to bio i mali prst lijeve noge)- tijelo \u0107e ga uskoro &#8220;zaboraviti&#8221; i postat \u0107e nefunkcionalan, \u0161to \u0107e se uskoro odraziti na cijelo tijelo.<\/p>\n\n\n\n<p class=\"has-text-align-center\">Moj cilj je da vam na temelju stru\u010dnog znanja ste\u010denog \u0161kolovanjem, te dodatnim edukacijama i iskustvom rada s ljudima (i na svom vlastitim tijelu) pomognem otkriti \u0161to se to\u010dno u va\u0161em tijelu zbiva, u kojoj fazi oporavka se ono nalazi, koje blokade i za\u0161to postoje, te da zajedni\u010dkim snagama- manualnim tretmanima koje godinama uspje\u0161no provodim, te savjetima (edukacijama) o tome kako vi dalje trebate (tj. kako ne trebate) funkcionirati, dovedemo va\u0161e tijelo u stanje \u0161to bolje funkcionalnosti i balansa i uklonimo sve zapreke koje to onemogu\u0107avaju ili usporavaju, te da va\u0161em tijelu omogu\u0107imo da vr\u0161i te procese samoozdravljenja, kako bi se u tom tijelu osje\u0107ali opu\u0161teno, ugodno i zadovoljno koliko god je to mogu\u0107e.<\/p>\n","protected":false},"excerpt":{"rendered":"<p>Vjerujem da je \u010dovjek daleko vi\u0161e od samog tijela u kojem \u017eivimo, ali- dokle god \u017eivimo na ovom svijetu, osu\u0111eni smo na podstanarstvo u tom tijelu. Na ljudsko tijelo mo\u017eemo gledati kao na savr\u0161enstvo stvaranja ili (ako pogledamo drugu stranu medalje) tvorevinu ograni\u010denih mogu\u0107nosti i s ograni\u010denim &#8220;rokom valjanosti&#8221;, \u0161to nas dovodi u polo\u017eaj da [&hellip;]<\/p>\n","protected":false},"author":1,"featured_media":0,"parent":0,"menu_order":0,"comment_status":"closed","ping_status":"closed","template":"","meta":{"footnotes":""},"class_list":["post-111","page","type-page","status-publish","hentry"],"_links":{"self":[{"href":"https:\/\/fiziyo.hr\/index.php?rest_route=\/wp\/v2\/pages\/111","targetHints":{"allow":["GET"]}}],"collection":[{"href":"https:\/\/fiziyo.hr\/index.php?rest_route=\/wp\/v2\/pages"}],"about":[{"href":"https:\/\/fiziyo.hr\/index.php?rest_route=\/wp\/v2\/types\/page"}],"author":[{"embeddable":true,"href":"https:\/\/fiziyo.hr\/index.php?rest_route=\/wp\/v2\/users\/1"}],"replies":[{"embeddable":true,"href":"https:\/\/fiziyo.hr\/index.php?rest_route=%2Fwp%2Fv2%2Fcomments&post=111"}],"version-history":[{"count":6,"href":"https:\/\/fiziyo.hr\/index.php?rest_route=\/wp\/v2\/pages\/111\/revisions"}],"predecessor-version":[{"id":120,"href":"https:\/\/fiziyo.hr\/index.php?rest_route=\/wp\/v2\/pages\/111\/revisions\/120"}],"wp:attachment":[{"href":"https:\/\/fiziyo.hr\/index.php?rest_route=%2Fwp%2Fv2%2Fmedia&parent=111"}],"curies":[{"name":"wp","href":"https:\/\/api.w.org\/{rel}","templated":true}]}}